{"id":102,"date":"2020-05-05T20:33:34","date_gmt":"2020-05-05T18:33:34","guid":{"rendered":"https:\/\/prevadzka.eu\/fsvah\/?page_id=102"},"modified":"2020-05-06T17:04:17","modified_gmt":"2020-05-06T15:04:17","slug":"darujte-nam-2-z-dane","status":"publish","type":"page","link":"https:\/\/fsvahpuchov.sk\/?page_id=102","title":{"rendered":"Darujte n\u00e1m 2% z dane"},"content":{"rendered":"\n<p><strong>P\u00fachovsk\u00e9 folkl\u00f3rne s\u00fabory P\u00fachov\u010dek, Biela voda a V\u00e1h m\u00f4\u017eete podpori\u0165 aj pouk\u00e1zan\u00edm 2% zo zaplatenej dane.<\/strong> Budeme V\u00e1m ve\u013emi v\u010fa\u010dn\u00ed!<\/p>\n\n\n\n<p>Potrebujete vedie\u0165 nasleduj\u00face \u00fadaje:<\/p>\n\n\n\n<p><br><em>-n\u00e1zov: Folkl\u00f3rne srdce P\u00fachov (z\u00e1znam v Evidenci OZ MV SR&nbsp;<a href=\"http:\/\/ives.minv.sk\/rez\/registre\/pages\/detailoz.aspx?id=196987\" target=\"_blank\" rel=\"noreferrer noopener\">tu<\/a>)<br>-I\u010cO: 42145732<br>-pr\u00e1vna forma: ob\u010dianske zdru\u017eenie<br>-adresa: N\u00e1mestie slobody 1401, P\u00fachov 02001<\/em><\/p>\n\n\n\n<p>(overi\u0165 si na\u0161e \u00fadaje m\u00f4\u017eete aj na&nbsp;<a href=\"https:\/\/www.notar.sk\/%C3%9Avod\/Not%C3%A1rskecentr%C3%A1lneregistre\/Poberatelia2zdane%E2%80%93vyh%C4%BEad%C3%A1vanie\/Poberatelia2zdane%E2%80%93detail.aspx?id=13487\" target=\"_blank\" rel=\"noreferrer noopener\">Not\u00e1rskom centr\u00e1lnom registri<\/a>)&nbsp;<\/p>\n\n\n\n<p>Formul\u00e1re n\u00e1jdete na&nbsp;<a href=\"http:\/\/rozhodni.sk\/poukazatel\/tlaciva-na-poukazanie-2-z-dane\/\" target=\"_blank\" rel=\"noreferrer noopener\">http:\/\/rozhodni.sk\/poukazatel\/tlaciva-na-poukazanie-2-z-dane\/<\/a>&nbsp;alebo&nbsp;<a href=\"https:\/\/www.dvepercenta.sk\/details.php?organizationID=13642\" target=\"_blank\" rel=\"noreferrer noopener\">https:\/\/www.dvepercenta.sk\/details.php?organizationID=13642<\/a>&nbsp;&#8211; odkaz vyhl\u00e1senie o pouk\u00e1zan\u00ed 2 %! Plat\u00ed pre&nbsp;<strong>zamestnancov<\/strong>.<\/p>\n\n\n\n<p><strong>Jednoduch\u00e9 n\u00e1vody:<\/strong><\/p>\n\n\n\n<p><strong>Zamestnanci<\/strong><\/p>\n\n\n\n<ul><li>Do 15.2. po\u017eiadajte zamestn\u00e1vate\u013ea o vykonanie ro\u010dn\u00e9ho z\u00fa\u010dtovania zaplaten\u00fdch preddavkov na da\u0148.<\/li><li>Po\u017eiadajte zamestn\u00e1vate\u013ea, aby pre V\u00e1s vystavil Potvrdenie o zaplaten\u00ed dane.<\/li><li>Z tohto Potvrdenia si viete zisti\u0165 d\u00e1tum zaplatenia dane a vypo\u010d\u00edta\u0165 2% z Va\u0161ej zaplatenej dane &#8211; maxim\u00e1lna suma, ktor\u00fa m\u00f4\u017eete v prospech prij\u00edmate\u013ea pouk\u00e1za\u0165. T\u00e1to suma mus\u00ed by\u0165 minim\u00e1lne 3 \u20ac.<\/li><li>Stiahnite si a vypl\u0148te Vyhl\u00e1senie o pouk\u00e1zan\u00ed 2% z dane.<\/li><li>Obe tieto tla\u010div\u00e1 (Vyhl\u00e1senie spolu s Potvrden\u00edm), doru\u010dte do 30. apr\u00edla na da\u0148ov\u00fd \u00farad pod\u013ea V\u00e1\u0161ho bydliska.<\/li><\/ul>\n\n\n\n<p><strong>SZ\u010cO<\/strong><\/p>\n\n\n\n<ul><li>Riadne vypl\u0148te da\u0148ov\u00e9 priznanie.<\/li><li>Vypo\u010d\u00edtajte si Va\u0161e 2% z dane z pr\u00edjmov fyzickej osoby \u2013 to je maxim\u00e1lna suma, ktor\u00fa m\u00f4\u017eete pouk\u00e1za\u0165, minim\u00e1lne v\u0161ak 3 Eura.<\/li><li>V da\u0148ovom priznan\u00ed pre fyzick\u00e9 osoby s\u00fa u\u017e uveden\u00e9 kol\u00f3nky na pouk\u00e1zanie 2% z dane v prospech 1 prij\u00edmate\u013ea (typ A VIII. Oddiel priznania, typ B XII. Oddiel priznania). \u00dadaje, ktor\u00e9 potrebujete do da\u0148ov\u00e9ho priznania uvies\u0165:<\/li><\/ul>\n\n\n\n<p><em>Obchodn\u00e9 meno alebo n\u00e1zov:&nbsp;Folkl\u00f3rne srdce P\u00fachov<\/em><\/p>\n\n\n\n<p><em>S\u00eddlo \u2013 obec, PS\u010c, ulica, \u010d\u00edslo:&nbsp;N\u00e1mestie slobody 1401, P\u00fachov 02001<\/em><\/p>\n\n\n\n<p><em>Pr\u00e1vna forma:&nbsp;Ob\u010dianske zdru\u017eenie<\/em><\/p>\n\n\n\n<p><em>Identifika\u010dn\u00e9 \u010d\u00edslo (I\u010cO\/SID):&nbsp;42145732<\/em><\/p>\n\n\n\n<ul><li>Riadne vyplnen\u00e9 da\u0148ov\u00e9 priznanie doru\u010dte v lehote, ktor\u00fa m\u00e1te na podanie da\u0148ov\u00e9ho priznania (zvy\u010dajne do 31.3.) na da\u0148ov\u00fd \u00farad pod\u013ea V\u00e1\u0161ho bydliska.<\/li><\/ul>\n\n\n\n<p><strong>Pr\u00e1vnick\u00e9 osoby<\/strong><\/p>\n\n\n\n<ul><li>Vypo\u010d\u00edtajte si Va\u0161e 1% (2%) z dane z pr\u00edjmov pr\u00e1vnickej osoby \u2013 maxim\u00e1lna suma, ktor\u00fa m\u00f4\u017eete pouk\u00e1za\u0165. M\u00f4\u017eete ur\u010di\u0165 jedn\u00e9ho alebo viacer\u00fdch prij\u00edmate\u013eov s uveden\u00edm pr\u00edslu\u0161n\u00fdch s\u00fam (ka\u017ed\u00e9mu najmenej 8 Eur).<\/li><li>V da\u0148ovom priznan\u00ed pre pr\u00e1vnick\u00e9 osoby s\u00fa u\u017e uveden\u00e9 kol\u00f3nky na pouk\u00e1zanie % z dane (IV. \u010das\u0165 priznania). &#8211; Ak pr\u00e1vnick\u00e1 osoba a\u017e do term\u00ednu na podanie da\u0148ov\u00e9ho priznania a zaplatenie dane (zvy\u010dajne do 31.3.) darovala financie&nbsp;vo v\u00fd\u0161ke minim\u00e1lne 0,5% z dane na verejnoprospe\u0161n\u00fd \u00fa\u010del (aj inej organiz\u00e1cii, nemus\u00ed by\u0165 iba prij\u00edmate\u013eovi), tak m\u00f4\u017ee pouk\u00e1za\u0165 2% a ozna\u010d\u00ed v da\u0148ovom priznan\u00ed, \u017ee poukazuje 2% z dane &#8211; pod\u013ea platnej legislat\u00edvnej \u00fapravy.<\/li><\/ul>\n\n\n\n<p>\u200b\u00dadaje, ktor\u00e9 potrebujete do da\u0148ov\u00e9ho priznania uvies\u0165:<\/p>\n\n\n\n<p><em>Obchodn\u00e9 meno alebo n\u00e1zov:&nbsp;Folkl\u00f3rne srdce P\u00fachov<\/em><\/p>\n\n\n\n<p><em>S\u00eddlo \u2013 obec, PS\u010c, ulica, \u010d\u00edslo:&nbsp;N\u00e1mestie slobody 1401, P\u00fachov 02001<\/em><\/p>\n\n\n\n<p><em>Pr\u00e1vna forma:&nbsp;Ob\u010dianske zdru\u017eenie<\/em><\/p>\n\n\n\n<p><em>Identifika\u010dn\u00e9 \u010d\u00edslo (I\u010cO\/SID):&nbsp;42145732<\/em><\/p>\n\n\n\n<ul><li>Pokia\u013e ste si vybrali viac prij\u00edmate\u013eov, vlo\u017ete do da\u0148ov\u00e9ho priznania \u010fal\u0161\u00ed list papiera ako pr\u00edlohu.<\/li><li>Riadne vyplnen\u00e9 da\u0148ov\u00e9 priznanie doru\u010dte v lehote, ktor\u00fa m\u00e1te na podanie da\u0148ov\u00e9ho priznania na da\u0148ov\u00fd \u00farad (zvy\u010dajne pod\u013ea V\u00e1\u0161ho s\u00eddla) a v tomto term\u00edne aj zapla\u0165te da\u0148 z pr\u00edjmov.<\/li><\/ul>\n\n\n\n<p><em><strong>Ve\u013emi pekne V\u00e1m \u010fakujeme!<\/strong><\/em><\/p>\n","protected":false},"excerpt":{"rendered":"<p>P\u00fachovsk\u00e9 folkl\u00f3rne s\u00fabory P\u00fachov\u010dek, Biela voda a V\u00e1h m\u00f4\u017eete podpori\u0165 aj pouk\u00e1zan\u00edm 2% zo zaplatenej dane. Budeme V\u00e1m ve\u013emi v\u010fa\u010dn\u00ed! Potrebujete vedie\u0165 nasleduj\u00face \u00fadaje: -n\u00e1zov: Folkl\u00f3rne srdce P\u00fachov (z\u00e1znam v Evidenci OZ MV SR&nbsp;tu)-I\u010cO: 42145732-pr\u00e1vna forma: ob\u010dianske zdru\u017eenie-adresa: N\u00e1mestie slobody 1401, P\u00fachov 02001 (overi\u0165 si na\u0161e \u00fadaje m\u00f4\u017eete aj na&nbsp;Not\u00e1rskom centr\u00e1lnom registri)&nbsp; Formul\u00e1re n\u00e1jdete na&nbsp;http:\/\/rozhodni.sk\/poukazatel\/tlaciva-na-poukazanie-2-z-dane\/&nbsp;alebo&nbsp;https:\/\/www.dvepercenta.sk\/details.php?organizationID=13642&nbsp;&#8211; &hellip; <\/p>\n<p class=\"link-more\"><a href=\"https:\/\/fsvahpuchov.sk\/?page_id=102\" class=\"more-link\">Pokra\u010dova\u0165 v \u010d\u00edtan\u00ed<span class=\"screen-reader-text\"> &#8220;Darujte n\u00e1m 2% z dane&#8221;<\/span><\/a><\/p>\n","protected":false},"author":1,"featured_media":0,"parent":0,"menu_order":0,"comment_status":"closed","ping_status":"closed","template":"","meta":[],"yoast_head":"<!-- This site is optimized with the Yoast SEO plugin v17.6 - https:\/\/yoast.com\/wordpress\/plugins\/seo\/ -->\n<title>Darujte n\u00e1m 2% z dane - FS V\u00e1h P\u00fachov<\/title>\n<meta name=\"robots\" content=\"index, follow, max-snippet:-1, max-image-preview:large, max-video-preview:-1\" \/>\n<link rel=\"canonical\" href=\"https:\/\/fsvahpuchov.sk\/?page_id=102\" \/>\n<meta property=\"og:locale\" content=\"sk_SK\" \/>\n<meta property=\"og:type\" content=\"article\" \/>\n<meta property=\"og:title\" content=\"Darujte n\u00e1m 2% z dane - FS V\u00e1h P\u00fachov\" \/>\n<meta property=\"og:description\" content=\"P\u00fachovsk\u00e9 folkl\u00f3rne s\u00fabory P\u00fachov\u010dek, Biela voda a V\u00e1h m\u00f4\u017eete podpori\u0165 aj pouk\u00e1zan\u00edm 2% zo zaplatenej dane. Budeme V\u00e1m ve\u013emi v\u010fa\u010dn\u00ed! Potrebujete vedie\u0165 nasleduj\u00face \u00fadaje: -n\u00e1zov: Folkl\u00f3rne srdce P\u00fachov (z\u00e1znam v Evidenci OZ MV SR&nbsp;tu)-I\u010cO: 42145732-pr\u00e1vna forma: ob\u010dianske zdru\u017eenie-adresa: N\u00e1mestie slobody 1401, P\u00fachov 02001 (overi\u0165 si na\u0161e \u00fadaje m\u00f4\u017eete aj na&nbsp;Not\u00e1rskom centr\u00e1lnom registri)&nbsp; Formul\u00e1re n\u00e1jdete na&nbsp;http:\/\/rozhodni.sk\/poukazatel\/tlaciva-na-poukazanie-2-z-dane\/&nbsp;alebo&nbsp;https:\/\/www.dvepercenta.sk\/details.php?organizationID=13642&nbsp;&#8211; &hellip; Pokra\u010dova\u0165 v \u010d\u00edtan\u00ed &quot;Darujte n\u00e1m 2% z dane&quot;\" \/>\n<meta property=\"og:url\" content=\"https:\/\/fsvahpuchov.sk\/?page_id=102\" \/>\n<meta property=\"og:site_name\" content=\"FS V\u00e1h P\u00fachov\" \/>\n<meta property=\"article:publisher\" content=\"https:\/\/www.facebook.com\/pg\/fsvahpuchov\/\" \/>\n<meta property=\"article:modified_time\" content=\"2020-05-06T15:04:17+00:00\" \/>\n<meta name=\"twitter:card\" content=\"summary_large_image\" \/>\n<meta name=\"twitter:label1\" content=\"Predpokladan\u00fd \u010das \u010d\u00edtania\" \/>\n\t<meta name=\"twitter:data1\" content=\"3 min\u00faty\" \/>\n<script type=\"application\/ld+json\" class=\"yoast-schema-graph\">{\"@context\":\"https:\/\/schema.org\",\"@graph\":[{\"@type\":\"Organization\",\"@id\":\"https:\/\/fsvahpuchov.sk\/#organization\",\"name\":\"FS V\\u00e1h P\\u00fachov\",\"url\":\"https:\/\/fsvahpuchov.sk\/\",\"sameAs\":[\"https:\/\/www.facebook.com\/pg\/fsvahpuchov\/\",\"https:\/\/www.instagram.com\/fs_vah_puchov\/\"],\"logo\":{\"@type\":\"ImageObject\",\"@id\":\"https:\/\/fsvahpuchov.sk\/#logo\",\"inLanguage\":\"sk-SK\",\"url\":\"https:\/\/fsvahpuchov.sk\/wp-content\/uploads\/2020\/04\/cropped-45596869_10156600851966007_7359537593974784000_o-1-3.jpg\",\"contentUrl\":\"https:\/\/fsvahpuchov.sk\/wp-content\/uploads\/2020\/04\/cropped-45596869_10156600851966007_7359537593974784000_o-1-3.jpg\",\"width\":250,\"height\":250,\"caption\":\"FS V\\u00e1h P\\u00fachov\"},\"image\":{\"@id\":\"https:\/\/fsvahpuchov.sk\/#logo\"}},{\"@type\":\"WebSite\",\"@id\":\"https:\/\/fsvahpuchov.sk\/#website\",\"url\":\"https:\/\/fsvahpuchov.sk\/\",\"name\":\"FS V\\u00e1h P\\u00fachov\",\"description\":\"Folkl\\u00f3rny s\\u00fabor V\\u00e1h P\\u00fachov\",\"publisher\":{\"@id\":\"https:\/\/fsvahpuchov.sk\/#organization\"},\"potentialAction\":[{\"@type\":\"SearchAction\",\"target\":{\"@type\":\"EntryPoint\",\"urlTemplate\":\"https:\/\/fsvahpuchov.sk\/?s={search_term_string}\"},\"query-input\":\"required name=search_term_string\"}],\"inLanguage\":\"sk-SK\"},{\"@type\":\"WebPage\",\"@id\":\"https:\/\/fsvahpuchov.sk\/?page_id=102#webpage\",\"url\":\"https:\/\/fsvahpuchov.sk\/?page_id=102\",\"name\":\"Darujte n\\u00e1m 2% z dane - FS V\\u00e1h P\\u00fachov\",\"isPartOf\":{\"@id\":\"https:\/\/fsvahpuchov.sk\/#website\"},\"datePublished\":\"2020-05-05T18:33:34+00:00\",\"dateModified\":\"2020-05-06T15:04:17+00:00\",\"breadcrumb\":{\"@id\":\"https:\/\/fsvahpuchov.sk\/?page_id=102#breadcrumb\"},\"inLanguage\":\"sk-SK\",\"potentialAction\":[{\"@type\":\"ReadAction\",\"target\":[\"https:\/\/fsvahpuchov.sk\/?page_id=102\"]}]},{\"@type\":\"BreadcrumbList\",\"@id\":\"https:\/\/fsvahpuchov.sk\/?page_id=102#breadcrumb\",\"itemListElement\":[{\"@type\":\"ListItem\",\"position\":1,\"name\":\"Domovsk\\u00e1 str\\u00e1nka\",\"item\":\"https:\/\/fsvahpuchov.sk\/\"},{\"@type\":\"ListItem\",\"position\":2,\"name\":\"Darujte n\\u00e1m 2% z dane\"}]}]}<\/script>\n<!-- \/ Yoast SEO plugin. -->","yoast_head_json":{"title":"Darujte n\u00e1m 2% z dane - FS V\u00e1h P\u00fachov","robots":{"index":"index","follow":"follow","max-snippet":"max-snippet:-1","max-image-preview":"max-image-preview:large","max-video-preview":"max-video-preview:-1"},"canonical":"https:\/\/fsvahpuchov.sk\/?page_id=102","og_locale":"sk_SK","og_type":"article","og_title":"Darujte n\u00e1m 2% z dane - FS V\u00e1h P\u00fachov","og_description":"P\u00fachovsk\u00e9 folkl\u00f3rne s\u00fabory P\u00fachov\u010dek, Biela voda a V\u00e1h m\u00f4\u017eete podpori\u0165 aj pouk\u00e1zan\u00edm 2% zo zaplatenej dane. Budeme V\u00e1m ve\u013emi v\u010fa\u010dn\u00ed! Potrebujete vedie\u0165 nasleduj\u00face \u00fadaje: -n\u00e1zov: Folkl\u00f3rne srdce P\u00fachov (z\u00e1znam v Evidenci OZ MV SR&nbsp;tu)-I\u010cO: 42145732-pr\u00e1vna forma: ob\u010dianske zdru\u017eenie-adresa: N\u00e1mestie slobody 1401, P\u00fachov 02001 (overi\u0165 si na\u0161e \u00fadaje m\u00f4\u017eete aj na&nbsp;Not\u00e1rskom centr\u00e1lnom registri)&nbsp; Formul\u00e1re n\u00e1jdete na&nbsp;http:\/\/rozhodni.sk\/poukazatel\/tlaciva-na-poukazanie-2-z-dane\/&nbsp;alebo&nbsp;https:\/\/www.dvepercenta.sk\/details.php?organizationID=13642&nbsp;&#8211; &hellip; Pokra\u010dova\u0165 v \u010d\u00edtan\u00ed \"Darujte n\u00e1m 2% z dane\"","og_url":"https:\/\/fsvahpuchov.sk\/?page_id=102","og_site_name":"FS V\u00e1h P\u00fachov","article_publisher":"https:\/\/www.facebook.com\/pg\/fsvahpuchov\/","article_modified_time":"2020-05-06T15:04:17+00:00","twitter_card":"summary_large_image","twitter_misc":{"Predpokladan\u00fd \u010das \u010d\u00edtania":"3 min\u00faty"},"schema":{"@context":"https:\/\/schema.org","@graph":[{"@type":"Organization","@id":"https:\/\/fsvahpuchov.sk\/#organization","name":"FS V\u00e1h P\u00fachov","url":"https:\/\/fsvahpuchov.sk\/","sameAs":["https:\/\/www.facebook.com\/pg\/fsvahpuchov\/","https:\/\/www.instagram.com\/fs_vah_puchov\/"],"logo":{"@type":"ImageObject","@id":"https:\/\/fsvahpuchov.sk\/#logo","inLanguage":"sk-SK","url":"https:\/\/fsvahpuchov.sk\/wp-content\/uploads\/2020\/04\/cropped-45596869_10156600851966007_7359537593974784000_o-1-3.jpg","contentUrl":"https:\/\/fsvahpuchov.sk\/wp-content\/uploads\/2020\/04\/cropped-45596869_10156600851966007_7359537593974784000_o-1-3.jpg","width":250,"height":250,"caption":"FS V\u00e1h P\u00fachov"},"image":{"@id":"https:\/\/fsvahpuchov.sk\/#logo"}},{"@type":"WebSite","@id":"https:\/\/fsvahpuchov.sk\/#website","url":"https:\/\/fsvahpuchov.sk\/","name":"FS V\u00e1h P\u00fachov","description":"Folkl\u00f3rny s\u00fabor V\u00e1h P\u00fachov","publisher":{"@id":"https:\/\/fsvahpuchov.sk\/#organization"},"potentialAction":[{"@type":"SearchAction","target":{"@type":"EntryPoint","urlTemplate":"https:\/\/fsvahpuchov.sk\/?s={search_term_string}"},"query-input":"required name=search_term_string"}],"inLanguage":"sk-SK"},{"@type":"WebPage","@id":"https:\/\/fsvahpuchov.sk\/?page_id=102#webpage","url":"https:\/\/fsvahpuchov.sk\/?page_id=102","name":"Darujte n\u00e1m 2% z dane - FS V\u00e1h P\u00fachov","isPartOf":{"@id":"https:\/\/fsvahpuchov.sk\/#website"},"datePublished":"2020-05-05T18:33:34+00:00","dateModified":"2020-05-06T15:04:17+00:00","breadcrumb":{"@id":"https:\/\/fsvahpuchov.sk\/?page_id=102#breadcrumb"},"inLanguage":"sk-SK","potentialAction":[{"@type":"ReadAction","target":["https:\/\/fsvahpuchov.sk\/?page_id=102"]}]},{"@type":"BreadcrumbList","@id":"https:\/\/fsvahpuchov.sk\/?page_id=102#breadcrumb","itemListElement":[{"@type":"ListItem","position":1,"name":"Domovsk\u00e1 str\u00e1nka","item":"https:\/\/fsvahpuchov.sk\/"},{"@type":"ListItem","position":2,"name":"Darujte n\u00e1m 2% z dane"}]}]}},"_links":{"self":[{"href":"https:\/\/fsvahpuchov.sk\/index.php?rest_route=\/wp\/v2\/pages\/102"}],"collection":[{"href":"https:\/\/fsvahpuchov.sk\/index.php?rest_route=\/wp\/v2\/pages"}],"about":[{"href":"https:\/\/fsvahpuchov.sk\/index.php?rest_route=\/wp\/v2\/types\/page"}],"author":[{"embeddable":true,"href":"https:\/\/fsvahpuchov.sk\/index.php?rest_route=\/wp\/v2\/users\/1"}],"replies":[{"embeddable":true,"href":"https:\/\/fsvahpuchov.sk\/index.php?rest_route=%2Fwp%2Fv2%2Fcomments&post=102"}],"version-history":[{"count":1,"href":"https:\/\/fsvahpuchov.sk\/index.php?rest_route=\/wp\/v2\/pages\/102\/revisions"}],"predecessor-version":[{"id":103,"href":"https:\/\/fsvahpuchov.sk\/index.php?rest_route=\/wp\/v2\/pages\/102\/revisions\/103"}],"wp:attachment":[{"href":"https:\/\/fsvahpuchov.sk\/index.php?rest_route=%2Fwp%2Fv2%2Fmedia&parent=102"}],"curies":[{"name":"wp","href":"https:\/\/api.w.org\/{rel}","templated":true}]}}