{"id":11,"date":"2020-04-07T14:54:11","date_gmt":"2020-04-07T12:54:11","guid":{"rendered":"https:\/\/prevadzka.eu\/fsvah\/?page_id=11"},"modified":"2023-03-19T11:42:20","modified_gmt":"2023-03-19T10:42:20","slug":"kontakt","status":"publish","type":"page","link":"https:\/\/fsvahpuchov.sk\/?page_id=11","title":{"rendered":"Kontakty"},"content":{"rendered":"\n<p>PhDr. Richard Benech &#8211; umeleck\u00fd ved\u00faci, choreograf &#8211;\u00a0<a href=\"mailto:richard.benech@centrum.sk\" target=\"_blank\" rel=\"noreferrer noopener\">richard.benech@centrum.sk<\/a>,\u00a00940 875 535<\/p>\n\n\n\n<p>Ing. Martin Rosina &#8211; tane\u010dn\u00fd pedag\u00f3g, organiza\u010dn\u00fd mana\u017e\u00e9r &#8211;&nbsp;<a href=\"mailto:rosina.mato@gmail.com\" target=\"_blank\" rel=\"noreferrer noopener\">rosina.mato@gmail.com<\/a>,&nbsp;0948 321 754<\/p>\n\n\n\n<p>Ing. Karin Riljakov\u00e1 tane\u010dn\u00e1 a hlasov\u00e1 pedagogi\u010dka &#8211;&nbsp;0948 341 899<\/p>\n\n\n\n<p>Ivan Sadlo\u0148 &#8211; ved\u00faci \u013dH &#8211;&nbsp;0907 794 214<\/p>\n\n\n\n<p><\/p>\n\n\n\n<p><\/p>\n\n\n\n<p>FACEBOOK: <a href=\"https:\/\/www.facebook.com\/fsvahpuchov\/\" target=\"_blank\" rel=\"noreferrer noopener\">https:\/\/www.facebook.com\/fsvahpuchov\/<\/a><\/p>\n\n\n\n<p>INSTAGRAM: <a href=\"https:\/\/www.instagram.com\/fs_vah_puchov\" target=\"_blank\" rel=\"noreferrer noopener\">https:\/\/www.instagram.com\/fs_vah_puchov<\/a><\/p>\n\n\n\n<p>ADRESA: DK Divadlo, Hoenningovo n\u00e1mestie, 020 01 P\u00fachov<\/p>\n","protected":false},"excerpt":{"rendered":"<p>PhDr. Richard Benech &#8211; umeleck\u00fd ved\u00faci, choreograf &#8211;\u00a0richard.benech@centrum.sk,\u00a00940 875 535 Ing. Martin Rosina &#8211; tane\u010dn\u00fd pedag\u00f3g, organiza\u010dn\u00fd mana\u017e\u00e9r &#8211;&nbsp;rosina.mato@gmail.com,&nbsp;0948 321 754 Ing. Karin Riljakov\u00e1 tane\u010dn\u00e1 a hlasov\u00e1 pedagogi\u010dka &#8211;&nbsp;0948 341 899 Ivan Sadlo\u0148 &#8211; ved\u00faci \u013dH &#8211;&nbsp;0907 794 214 FACEBOOK: https:\/\/www.facebook.com\/fsvahpuchov\/ INSTAGRAM: https:\/\/www.instagram.com\/fs_vah_puchov ADRESA: DK Divadlo, Hoenningovo n\u00e1mestie, 020 01 P\u00fachov<\/p>\n","protected":false},"author":1,"featured_media":0,"parent":0,"menu_order":0,"comment_status":"closed","ping_status":"closed","template":"","meta":[],"yoast_head":"<!-- This site is optimized with the Yoast SEO plugin v17.6 - https:\/\/yoast.com\/wordpress\/plugins\/seo\/ -->\n<title>Kontakty - FS V\u00e1h P\u00fachov<\/title>\n<meta name=\"robots\" content=\"index, follow, max-snippet:-1, max-image-preview:large, max-video-preview:-1\" \/>\n<link rel=\"canonical\" href=\"https:\/\/fsvahpuchov.sk\/?page_id=11\" \/>\n<meta property=\"og:locale\" content=\"sk_SK\" \/>\n<meta property=\"og:type\" content=\"article\" \/>\n<meta property=\"og:title\" content=\"Kontakty - FS V\u00e1h P\u00fachov\" \/>\n<meta property=\"og:description\" content=\"PhDr. Richard Benech &#8211; umeleck\u00fd ved\u00faci, choreograf &#8211;\u00a0richard.benech@centrum.sk,\u00a00940 875 535 Ing. Martin Rosina &#8211; tane\u010dn\u00fd pedag\u00f3g, organiza\u010dn\u00fd mana\u017e\u00e9r &#8211;&nbsp;rosina.mato@gmail.com,&nbsp;0948 321 754 Ing. Karin Riljakov\u00e1 tane\u010dn\u00e1 a hlasov\u00e1 pedagogi\u010dka &#8211;&nbsp;0948 341 899 Ivan Sadlo\u0148 &#8211; ved\u00faci \u013dH &#8211;&nbsp;0907 794 214 FACEBOOK: https:\/\/www.facebook.com\/fsvahpuchov\/ INSTAGRAM: https:\/\/www.instagram.com\/fs_vah_puchov ADRESA: DK Divadlo, Hoenningovo n\u00e1mestie, 020 01 P\u00fachov\" \/>\n<meta property=\"og:url\" content=\"https:\/\/fsvahpuchov.sk\/?page_id=11\" \/>\n<meta property=\"og:site_name\" content=\"FS V\u00e1h P\u00fachov\" \/>\n<meta property=\"article:publisher\" content=\"https:\/\/www.facebook.com\/pg\/fsvahpuchov\/\" \/>\n<meta property=\"article:modified_time\" content=\"2023-03-19T10:42:20+00:00\" \/>\n<meta name=\"twitter:card\" content=\"summary_large_image\" \/>\n<meta name=\"twitter:label1\" content=\"Predpokladan\u00fd \u010das \u010d\u00edtania\" \/>\n\t<meta name=\"twitter:data1\" content=\"1 min\u00fata\" \/>\n<script type=\"application\/ld+json\" class=\"yoast-schema-graph\">{\"@context\":\"https:\/\/schema.org\",\"@graph\":[{\"@type\":\"Organization\",\"@id\":\"https:\/\/fsvahpuchov.sk\/#organization\",\"name\":\"FS V\\u00e1h P\\u00fachov\",\"url\":\"https:\/\/fsvahpuchov.sk\/\",\"sameAs\":[\"https:\/\/www.facebook.com\/pg\/fsvahpuchov\/\",\"https:\/\/www.instagram.com\/fs_vah_puchov\/\"],\"logo\":{\"@type\":\"ImageObject\",\"@id\":\"https:\/\/fsvahpuchov.sk\/#logo\",\"inLanguage\":\"sk-SK\",\"url\":\"https:\/\/fsvahpuchov.sk\/wp-content\/uploads\/2020\/04\/cropped-45596869_10156600851966007_7359537593974784000_o-1-3.jpg\",\"contentUrl\":\"https:\/\/fsvahpuchov.sk\/wp-content\/uploads\/2020\/04\/cropped-45596869_10156600851966007_7359537593974784000_o-1-3.jpg\",\"width\":250,\"height\":250,\"caption\":\"FS V\\u00e1h P\\u00fachov\"},\"image\":{\"@id\":\"https:\/\/fsvahpuchov.sk\/#logo\"}},{\"@type\":\"WebSite\",\"@id\":\"https:\/\/fsvahpuchov.sk\/#website\",\"url\":\"https:\/\/fsvahpuchov.sk\/\",\"name\":\"FS V\\u00e1h P\\u00fachov\",\"description\":\"Folkl\\u00f3rny s\\u00fabor V\\u00e1h P\\u00fachov\",\"publisher\":{\"@id\":\"https:\/\/fsvahpuchov.sk\/#organization\"},\"potentialAction\":[{\"@type\":\"SearchAction\",\"target\":{\"@type\":\"EntryPoint\",\"urlTemplate\":\"https:\/\/fsvahpuchov.sk\/?s={search_term_string}\"},\"query-input\":\"required name=search_term_string\"}],\"inLanguage\":\"sk-SK\"},{\"@type\":\"WebPage\",\"@id\":\"https:\/\/fsvahpuchov.sk\/?page_id=11#webpage\",\"url\":\"https:\/\/fsvahpuchov.sk\/?page_id=11\",\"name\":\"Kontakty - FS V\\u00e1h P\\u00fachov\",\"isPartOf\":{\"@id\":\"https:\/\/fsvahpuchov.sk\/#website\"},\"datePublished\":\"2020-04-07T12:54:11+00:00\",\"dateModified\":\"2023-03-19T10:42:20+00:00\",\"breadcrumb\":{\"@id\":\"https:\/\/fsvahpuchov.sk\/?page_id=11#breadcrumb\"},\"inLanguage\":\"sk-SK\",\"potentialAction\":[{\"@type\":\"ReadAction\",\"target\":[\"https:\/\/fsvahpuchov.sk\/?page_id=11\"]}]},{\"@type\":\"BreadcrumbList\",\"@id\":\"https:\/\/fsvahpuchov.sk\/?page_id=11#breadcrumb\",\"itemListElement\":[{\"@type\":\"ListItem\",\"position\":1,\"name\":\"Domovsk\\u00e1 str\\u00e1nka\",\"item\":\"https:\/\/fsvahpuchov.sk\/\"},{\"@type\":\"ListItem\",\"position\":2,\"name\":\"Kontakty\"}]}]}<\/script>\n<!-- \/ Yoast SEO plugin. -->","yoast_head_json":{"title":"Kontakty - FS V\u00e1h P\u00fachov","robots":{"index":"index","follow":"follow","max-snippet":"max-snippet:-1","max-image-preview":"max-image-preview:large","max-video-preview":"max-video-preview:-1"},"canonical":"https:\/\/fsvahpuchov.sk\/?page_id=11","og_locale":"sk_SK","og_type":"article","og_title":"Kontakty - FS V\u00e1h P\u00fachov","og_description":"PhDr. Richard Benech &#8211; umeleck\u00fd ved\u00faci, choreograf &#8211;\u00a0richard.benech@centrum.sk,\u00a00940 875 535 Ing. Martin Rosina &#8211; tane\u010dn\u00fd pedag\u00f3g, organiza\u010dn\u00fd mana\u017e\u00e9r &#8211;&nbsp;rosina.mato@gmail.com,&nbsp;0948 321 754 Ing. Karin Riljakov\u00e1 tane\u010dn\u00e1 a hlasov\u00e1 pedagogi\u010dka &#8211;&nbsp;0948 341 899 Ivan Sadlo\u0148 &#8211; ved\u00faci \u013dH &#8211;&nbsp;0907 794 214 FACEBOOK: https:\/\/www.facebook.com\/fsvahpuchov\/ INSTAGRAM: https:\/\/www.instagram.com\/fs_vah_puchov ADRESA: DK Divadlo, Hoenningovo n\u00e1mestie, 020 01 P\u00fachov","og_url":"https:\/\/fsvahpuchov.sk\/?page_id=11","og_site_name":"FS V\u00e1h P\u00fachov","article_publisher":"https:\/\/www.facebook.com\/pg\/fsvahpuchov\/","article_modified_time":"2023-03-19T10:42:20+00:00","twitter_card":"summary_large_image","twitter_misc":{"Predpokladan\u00fd \u010das \u010d\u00edtania":"1 min\u00fata"},"schema":{"@context":"https:\/\/schema.org","@graph":[{"@type":"Organization","@id":"https:\/\/fsvahpuchov.sk\/#organization","name":"FS V\u00e1h P\u00fachov","url":"https:\/\/fsvahpuchov.sk\/","sameAs":["https:\/\/www.facebook.com\/pg\/fsvahpuchov\/","https:\/\/www.instagram.com\/fs_vah_puchov\/"],"logo":{"@type":"ImageObject","@id":"https:\/\/fsvahpuchov.sk\/#logo","inLanguage":"sk-SK","url":"https:\/\/fsvahpuchov.sk\/wp-content\/uploads\/2020\/04\/cropped-45596869_10156600851966007_7359537593974784000_o-1-3.jpg","contentUrl":"https:\/\/fsvahpuchov.sk\/wp-content\/uploads\/2020\/04\/cropped-45596869_10156600851966007_7359537593974784000_o-1-3.jpg","width":250,"height":250,"caption":"FS V\u00e1h P\u00fachov"},"image":{"@id":"https:\/\/fsvahpuchov.sk\/#logo"}},{"@type":"WebSite","@id":"https:\/\/fsvahpuchov.sk\/#website","url":"https:\/\/fsvahpuchov.sk\/","name":"FS V\u00e1h P\u00fachov","description":"Folkl\u00f3rny s\u00fabor V\u00e1h P\u00fachov","publisher":{"@id":"https:\/\/fsvahpuchov.sk\/#organization"},"potentialAction":[{"@type":"SearchAction","target":{"@type":"EntryPoint","urlTemplate":"https:\/\/fsvahpuchov.sk\/?s={search_term_string}"},"query-input":"required name=search_term_string"}],"inLanguage":"sk-SK"},{"@type":"WebPage","@id":"https:\/\/fsvahpuchov.sk\/?page_id=11#webpage","url":"https:\/\/fsvahpuchov.sk\/?page_id=11","name":"Kontakty - FS V\u00e1h P\u00fachov","isPartOf":{"@id":"https:\/\/fsvahpuchov.sk\/#website"},"datePublished":"2020-04-07T12:54:11+00:00","dateModified":"2023-03-19T10:42:20+00:00","breadcrumb":{"@id":"https:\/\/fsvahpuchov.sk\/?page_id=11#breadcrumb"},"inLanguage":"sk-SK","potentialAction":[{"@type":"ReadAction","target":["https:\/\/fsvahpuchov.sk\/?page_id=11"]}]},{"@type":"BreadcrumbList","@id":"https:\/\/fsvahpuchov.sk\/?page_id=11#breadcrumb","itemListElement":[{"@type":"ListItem","position":1,"name":"Domovsk\u00e1 str\u00e1nka","item":"https:\/\/fsvahpuchov.sk\/"},{"@type":"ListItem","position":2,"name":"Kontakty"}]}]}},"_links":{"self":[{"href":"https:\/\/fsvahpuchov.sk\/index.php?rest_route=\/wp\/v2\/pages\/11"}],"collection":[{"href":"https:\/\/fsvahpuchov.sk\/index.php?rest_route=\/wp\/v2\/pages"}],"about":[{"href":"https:\/\/fsvahpuchov.sk\/index.php?rest_route=\/wp\/v2\/types\/page"}],"author":[{"embeddable":true,"href":"https:\/\/fsvahpuchov.sk\/index.php?rest_route=\/wp\/v2\/users\/1"}],"replies":[{"embeddable":true,"href":"https:\/\/fsvahpuchov.sk\/index.php?rest_route=%2Fwp%2Fv2%2Fcomments&post=11"}],"version-history":[{"count":13,"href":"https:\/\/fsvahpuchov.sk\/index.php?rest_route=\/wp\/v2\/pages\/11\/revisions"}],"predecessor-version":[{"id":313,"href":"https:\/\/fsvahpuchov.sk\/index.php?rest_route=\/wp\/v2\/pages\/11\/revisions\/313"}],"wp:attachment":[{"href":"https:\/\/fsvahpuchov.sk\/index.php?rest_route=%2Fwp%2Fv2%2Fmedia&parent=11"}],"curies":[{"name":"wp","href":"https:\/\/api.w.org\/{rel}","templated":true}]}}