{"id":37,"date":"2020-04-07T15:27:38","date_gmt":"2020-04-07T13:27:38","guid":{"rendered":"https:\/\/prevadzka.eu\/fsvah\/?page_id=37"},"modified":"2023-03-19T01:16:00","modified_gmt":"2023-03-19T00:16:00","slug":"historia","status":"publish","type":"page","link":"https:\/\/fsvahpuchov.sk\/?page_id=37","title":{"rendered":"Hist\u00f3ria"},"content":{"rendered":"\n<p>S\u00fabor zalo\u017eil v roku 1971 spisovate\u013e a osvetov\u00fd pracovn\u00edk Milan H\u00fa\u017eevka (+2017) so svojimi priate\u013emi pod DK ROH v P\u00fachove. Dvadsa\u0165 rokov bola ved\u00facou a choreografkou Eva Kuku\u010dkov\u00e1 (1985-2006). V rokoch 2006-2012 bola jeho umeleckou ved\u00facou a choreografkou s\u00faboru \u017daneta Littov\u00e1. Od roku 2012 do r. 2018 viedol ako ved\u00faci a choreograf s\u00fabor Richard Benech. V rokoch 2018 a\u017e 2022 bola umeleckou ved\u00facou Lucia \u0160ari\u0161sk\u00e1 so svojim man\u017eelom Marianom \u0160ari\u0161sk\u00fdm. Prv\u00fdmi ved\u00facimi hudby boli Milan Svr\u010dina a Viktor Mare\u010dek (+2017). U\u017e cez tri desa\u0165ro\u010dia vedie \u013eudov\u00fa hudbu Ivan Sadlo\u0148.<br>Za svoju existenciu sa V\u00e1h prezentoval doteraz viac ako 40 skupinov\u00fdmi choreografiami, mnoh\u00fdmi s\u00f3lov\u00fdmi choreografiami, programov\u00fdmi \u010d\u00edslami a programami. Z\u00e1kladom jeho tvorby je vyh\u013ead\u00e1vanie a sc\u00e9nick\u00e9 spracovanie folkl\u00f3ru stredn\u00e9ho Pova\u017eia (najm\u00e4 P\u00fachovskej doliny, ale i ne\u010falek\u00e9ho Kostolca, Papradna a bl\u00edzkeho Tren\u010dianska) a doplnen\u00e9 hudobn\u00fdmi vstupmi a choreografiami z ostatn\u00fdch regi\u00f3nov Slovenska.<\/p>\n\n\n\n<p>S\u00fabor z\u00edskal viacero ocenen\u00ed v s\u00fa\u0165a\u017eiach folkl\u00f3rnych kolekt\u00edvov \u2013 ocenenie na celoslovenskej s\u00fa\u0165a\u017enej prehliadke tvoriv\u00fdch choreografi\u00ed v Tren\u010d\u00edne (1998, Kosteleck\u00e9 \u010dard\u00e1\u0161e), celo\u0161t\u00e1tne fin\u00e1le s\u00fa\u0165a\u017ee tvoriv\u00fdch choreografi\u00ed (2002, Choreo 1 &#8211; Kukulienka), ako aj s\u00f3listov tane\u010dn\u00edkov \u2013 \u00fa\u010das\u0165 v celo\u0161t\u00e1tnom fin\u00e1le s\u00fa\u0165a\u017ee \u0160affova ostroha (2001, Jozef Ka\u010d\u00edk a Erika Okrajkov\u00e1), Zlat\u00e9 p\u00e1smo region\u00e1lnej s\u00fa\u0165a\u017ee choreografi\u00ed Folkl\u00f3rna Lys\u00e1 a Bronzov\u00e9 p\u00e1smo z Celoslovenskej s\u00fa\u0165a\u017enej prehliadky choreografi\u00ed v Liptovskom Mikul\u00e1\u0161i (2014, \u017denci a \u017enice &#8211; cepov\u00fd). V roku 2001 s\u00fabor dostal Poctu gener\u00e1lneho riadite\u013ea N\u00e1rodn\u00e9ho osvetov\u00e9ho centra za rozvoj tradi\u010dnej \u013eudovej kult\u00fary.<\/p>\n\n\n\n<p>Je taktie\u017e trojn\u00e1sobn\u00fdm laure\u00e1tom medzin\u00e1rodn\u00e9ho folkl\u00f3rneho festivalu Warmia v Olsztyne (Po\u013esko, 2000, 2001, 2003) a laure\u00e1tom medzin\u00e1rodn\u00e9ho festivalu Roztocze v Tomasz\u00f3w Lubielski (Po\u013esko, 2009).<br>Nahral nieko\u013eko \u013eudov\u00fdch piesn\u00ed pre Slovensk\u00fd rozhlas v Banskej Bystrici (spolu so skladate\u013eom Svetoz\u00e1rom Stra\u010dinom), v roku 2007 \u00fa\u010dinkoval v dokument\u00e1rnom filme P\u00fachov a jeho okolie, zrealizovanom v\u010faka Nad\u00e1cii na podporu p\u00fachovsk\u00e9ho regi\u00f3nu a v roku 2010 pripravil spolu s ostatn\u00fdmi zlo\u017ekami folkl\u00f3rnych telies v P\u00fachove prv\u00e9 CD. V tom istom roku prezentoval p\u00fachovsk\u00fd folkl\u00f3rny \u017eivot aj v telev\u00edznom Teler\u00e1ne. V roku 2014 sa predstavil v telev\u00edznej s\u00fa\u0165a\u017enej rel\u00e1cii Kapura.<br>Precestoval viacero kraj\u00edn Eur\u00f3py (\u0160v\u00e9dsko, D\u00e1nsko, Franc\u00fazsko, Taliansko, Rak\u00fasko, Po\u013esko, \u010cesko, Rusko, Srbsko).<\/p>\n\n\n\n<p>Za obdobie 2009-2014 bolo mo\u017en\u00e9 \u201eV\u00e1histov\u201c stretn\u00fa\u0165 na ve\u013ek\u00fdch festivaloch ako J\u00e1no\u0161\u00edkov duk\u00e1t (Ro\u017enov pod Radho\u0161t\u011bm, \u010cR), Kopani\u010d\u00e1rske slavnosti v Starom Hrozenkove \u2013 \u010cR, mlade\u017en\u00edcky festival v Petrohrade (Rusko), v Tomasz\u00f3w Lubielski (Po\u013esko), J\u00e1no\u0161\u00edkov\u00e9 dni v Terchovej, Dubnick\u00fd folkl\u00f3rny festival, a na \u201esviatku folk\u00f3ru\u201c &#8211; MFF V\u00fdchodn\u00e1. FS V\u00e1h \u017ene sam\u00e9 \u00faspechy, je \u017eiadan\u00fdm s\u00faborom, po hos\u0165ovan\u00ed v roku 2014 na 60. ro\u010dn\u00edku festivalu vo V\u00fdchodnej a \u00fa\u010dasti na Celoslovenskej s\u00fa\u0165a\u017enej prehliadky choreografi\u00ed v Lipt. Mikul\u00e1\u0161i bol v roku 2015 prizvan\u00fd na \u010fal\u0161ie \u0161tyri okr\u00fahle v\u00fdro\u010dia festivalov doma i v zahrani\u010d\u00ed. Okrem svojich ostatn\u00fdch region\u00e1lnych vyst\u00fapen\u00ed sa po prv\u00fd raz v hist\u00f3rii prebojoval i na p\u00f3di\u00e1 jubilejn\u00e9ho 50. ro\u010dn\u00edka festivalu v He\u013epe. V \u010cR vyst\u00fapil na 55. Kopani\u010diarskych sl\u00e1vnostiach v Starom Hrozenkove a 30.Chodn\u00ed\u010dkov k domovu v Opave. Z\u00e1jazdovo sa z\u00fa\u010dastnil aj na jubilejnom 20. Ro\u010dn\u00edku Medzin\u00e1rodn\u00e9ho folkl\u00f3rneho festivalu WARMIA v po\u013eskom Olsztyne. V roku 2016 si okrem in\u00e9ho spravil reklamu v tv rel\u00e1cii Slovensko chut\u00ed a reprezentoval p\u00fachovsk\u00fd folkl\u00f3r na medzin\u00e1rodnom festivale Marburg-Biedenkopf v Nemecku. Na konci r. 2016 osl\u00e1vil so svojimi teraj\u0161\u00edmi aj b\u00fdval\u00edmi \u010dlenmi 45.v\u00fdro\u010die vzniku s\u00faboru.<\/p>\n\n\n\n<p>V roku 2017 sa z\u00fa\u010dastnil medzin\u00e1rodn\u00e9ho festivalu v ma\u010farskom P\u00e9csi a Moh\u00e1csi. V roku 2018 bol \u00fa\u010dastn\u00edkom a\u017e troch medzin\u00e1rodn\u00fdch festivalov &#8211; v \u010deskej Plzni, Zl\u00edne a chorv\u00e1tskej Velikej Gorici a Z\u00e1hrebe. V roku 2019 vycestoval do zahrani\u010dia 3-kr\u00e1t (Bielorusko, Franc\u00fazsko a \u010desk\u00e9 Brno). Predstavil sa v roku 2019 aj v programe Z dol\u00edn Javorn\u00edkov na festivale vo V\u00fdchodnej. V roku 2020 zorganizoval prehliadku skup\u00edn a s\u00faborov Tren\u010dianskeho kraja s n\u00e1zvom Folkl\u00f3r \u0161it\u00fd do kr\u00e1sy.&nbsp;<br>Do roku 2022 spolupracoval na vydaniach 3 kalend\u00e1rov s rekon\u0161trukciami miestnych \u013eudov\u00fdch odevov (Herbarium Populi Vagi 2019, 2021 a 2022).&nbsp;<br>Rok 2022 patril pr\u00edprav\u00e1m na 50. v\u00fdro\u010die s\u00faboru, ktor\u00e9 pre pand\u00e9miu bolo prelo\u017een\u00e9 z roku 2021.<\/p>\n\n\n\n<p class=\"has-drop-cap\"><\/p>\n\n\n\n<p class=\"has-drop-cap\"><\/p>\n\n\n\n<p class=\"has-drop-cap\"><\/p>\n\n\n\n<p class=\"has-drop-cap\"><\/p>\n\n\n\n<figure class=\"wp-block-image size-large\"><img loading=\"lazy\" width=\"960\" height=\"676\" src=\"http:\/\/fsvahpuchov.sk\/wp-content\/uploads\/2020\/05\/92023858_10157997584546007_7058618179328671744_n.jpg\" alt=\"\" class=\"wp-image-123\" srcset=\"https:\/\/fsvahpuchov.sk\/wp-content\/uploads\/2020\/05\/92023858_10157997584546007_7058618179328671744_n.jpg 960w, https:\/\/fsvahpuchov.sk\/wp-content\/uploads\/2020\/05\/92023858_10157997584546007_7058618179328671744_n-300x211.jpg 300w, https:\/\/fsvahpuchov.sk\/wp-content\/uploads\/2020\/05\/92023858_10157997584546007_7058618179328671744_n-768x541.jpg 768w\" sizes=\"(max-width: 767px) 89vw, (max-width: 1000px) 54vw, (max-width: 1071px) 543px, 580px\" \/><\/figure>\n","protected":false},"excerpt":{"rendered":"<p>S\u00fabor zalo\u017eil v roku 1971 spisovate\u013e a osvetov\u00fd pracovn\u00edk Milan H\u00fa\u017eevka (+2017) so svojimi priate\u013emi pod DK ROH v P\u00fachove. Dvadsa\u0165 rokov bola ved\u00facou a choreografkou Eva Kuku\u010dkov\u00e1 (1985-2006). V rokoch 2006-2012 bola jeho umeleckou ved\u00facou a choreografkou s\u00faboru \u017daneta Littov\u00e1. Od roku 2012 do r. 2018 viedol ako ved\u00faci a choreograf s\u00fabor Richard Benech. &hellip; <\/p>\n<p class=\"link-more\"><a href=\"https:\/\/fsvahpuchov.sk\/?page_id=37\" class=\"more-link\">Pokra\u010dova\u0165 v \u010d\u00edtan\u00ed<span class=\"screen-reader-text\"> &#8220;Hist\u00f3ria&#8221;<\/span><\/a><\/p>\n","protected":false},"author":1,"featured_media":0,"parent":0,"menu_order":0,"comment_status":"closed","ping_status":"closed","template":"","meta":[],"yoast_head":"<!-- This site is optimized with the Yoast SEO plugin v17.6 - https:\/\/yoast.com\/wordpress\/plugins\/seo\/ -->\n<title>Hist\u00f3ria - FS V\u00e1h P\u00fachov<\/title>\n<meta name=\"robots\" content=\"index, follow, max-snippet:-1, max-image-preview:large, max-video-preview:-1\" \/>\n<link rel=\"canonical\" href=\"https:\/\/fsvahpuchov.sk\/?page_id=37\" \/>\n<meta property=\"og:locale\" content=\"sk_SK\" \/>\n<meta property=\"og:type\" content=\"article\" \/>\n<meta property=\"og:title\" content=\"Hist\u00f3ria - FS V\u00e1h P\u00fachov\" \/>\n<meta property=\"og:description\" content=\"S\u00fabor zalo\u017eil v roku 1971 spisovate\u013e a osvetov\u00fd pracovn\u00edk Milan H\u00fa\u017eevka (+2017) so svojimi priate\u013emi pod DK ROH v P\u00fachove. Dvadsa\u0165 rokov bola ved\u00facou a choreografkou Eva Kuku\u010dkov\u00e1 (1985-2006). V rokoch 2006-2012 bola jeho umeleckou ved\u00facou a choreografkou s\u00faboru \u017daneta Littov\u00e1. Od roku 2012 do r. 2018 viedol ako ved\u00faci a choreograf s\u00fabor Richard Benech. &hellip; Pokra\u010dova\u0165 v \u010d\u00edtan\u00ed &quot;Hist\u00f3ria&quot;\" \/>\n<meta property=\"og:url\" content=\"https:\/\/fsvahpuchov.sk\/?page_id=37\" \/>\n<meta property=\"og:site_name\" content=\"FS V\u00e1h P\u00fachov\" \/>\n<meta property=\"article:publisher\" content=\"https:\/\/www.facebook.com\/pg\/fsvahpuchov\/\" \/>\n<meta property=\"article:modified_time\" content=\"2023-03-19T00:16:00+00:00\" \/>\n<meta property=\"og:image\" content=\"http:\/\/fsvahpuchov.sk\/wp-content\/uploads\/2020\/05\/92023858_10157997584546007_7058618179328671744_n.jpg\" \/>\n<meta name=\"twitter:card\" content=\"summary_large_image\" \/>\n<meta name=\"twitter:label1\" content=\"Predpokladan\u00fd \u010das \u010d\u00edtania\" \/>\n\t<meta name=\"twitter:data1\" content=\"3 min\u00faty\" \/>\n<script type=\"application\/ld+json\" class=\"yoast-schema-graph\">{\"@context\":\"https:\/\/schema.org\",\"@graph\":[{\"@type\":\"Organization\",\"@id\":\"https:\/\/fsvahpuchov.sk\/#organization\",\"name\":\"FS V\\u00e1h P\\u00fachov\",\"url\":\"https:\/\/fsvahpuchov.sk\/\",\"sameAs\":[\"https:\/\/www.facebook.com\/pg\/fsvahpuchov\/\",\"https:\/\/www.instagram.com\/fs_vah_puchov\/\"],\"logo\":{\"@type\":\"ImageObject\",\"@id\":\"https:\/\/fsvahpuchov.sk\/#logo\",\"inLanguage\":\"sk-SK\",\"url\":\"https:\/\/fsvahpuchov.sk\/wp-content\/uploads\/2020\/04\/cropped-45596869_10156600851966007_7359537593974784000_o-1-3.jpg\",\"contentUrl\":\"https:\/\/fsvahpuchov.sk\/wp-content\/uploads\/2020\/04\/cropped-45596869_10156600851966007_7359537593974784000_o-1-3.jpg\",\"width\":250,\"height\":250,\"caption\":\"FS V\\u00e1h P\\u00fachov\"},\"image\":{\"@id\":\"https:\/\/fsvahpuchov.sk\/#logo\"}},{\"@type\":\"WebSite\",\"@id\":\"https:\/\/fsvahpuchov.sk\/#website\",\"url\":\"https:\/\/fsvahpuchov.sk\/\",\"name\":\"FS V\\u00e1h P\\u00fachov\",\"description\":\"Folkl\\u00f3rny s\\u00fabor V\\u00e1h P\\u00fachov\",\"publisher\":{\"@id\":\"https:\/\/fsvahpuchov.sk\/#organization\"},\"potentialAction\":[{\"@type\":\"SearchAction\",\"target\":{\"@type\":\"EntryPoint\",\"urlTemplate\":\"https:\/\/fsvahpuchov.sk\/?s={search_term_string}\"},\"query-input\":\"required name=search_term_string\"}],\"inLanguage\":\"sk-SK\"},{\"@type\":\"ImageObject\",\"@id\":\"https:\/\/fsvahpuchov.sk\/?page_id=37#primaryimage\",\"inLanguage\":\"sk-SK\",\"url\":\"http:\/\/fsvahpuchov.sk\/wp-content\/uploads\/2020\/05\/92023858_10157997584546007_7058618179328671744_n.jpg\",\"contentUrl\":\"http:\/\/fsvahpuchov.sk\/wp-content\/uploads\/2020\/05\/92023858_10157997584546007_7058618179328671744_n.jpg\"},{\"@type\":\"WebPage\",\"@id\":\"https:\/\/fsvahpuchov.sk\/?page_id=37#webpage\",\"url\":\"https:\/\/fsvahpuchov.sk\/?page_id=37\",\"name\":\"Hist\\u00f3ria - FS V\\u00e1h P\\u00fachov\",\"isPartOf\":{\"@id\":\"https:\/\/fsvahpuchov.sk\/#website\"},\"primaryImageOfPage\":{\"@id\":\"https:\/\/fsvahpuchov.sk\/?page_id=37#primaryimage\"},\"datePublished\":\"2020-04-07T13:27:38+00:00\",\"dateModified\":\"2023-03-19T00:16:00+00:00\",\"breadcrumb\":{\"@id\":\"https:\/\/fsvahpuchov.sk\/?page_id=37#breadcrumb\"},\"inLanguage\":\"sk-SK\",\"potentialAction\":[{\"@type\":\"ReadAction\",\"target\":[\"https:\/\/fsvahpuchov.sk\/?page_id=37\"]}]},{\"@type\":\"BreadcrumbList\",\"@id\":\"https:\/\/fsvahpuchov.sk\/?page_id=37#breadcrumb\",\"itemListElement\":[{\"@type\":\"ListItem\",\"position\":1,\"name\":\"Domovsk\\u00e1 str\\u00e1nka\",\"item\":\"https:\/\/fsvahpuchov.sk\/\"},{\"@type\":\"ListItem\",\"position\":2,\"name\":\"Hist\\u00f3ria\"}]}]}<\/script>\n<!-- \/ Yoast SEO plugin. -->","yoast_head_json":{"title":"Hist\u00f3ria - FS V\u00e1h P\u00fachov","robots":{"index":"index","follow":"follow","max-snippet":"max-snippet:-1","max-image-preview":"max-image-preview:large","max-video-preview":"max-video-preview:-1"},"canonical":"https:\/\/fsvahpuchov.sk\/?page_id=37","og_locale":"sk_SK","og_type":"article","og_title":"Hist\u00f3ria - FS V\u00e1h P\u00fachov","og_description":"S\u00fabor zalo\u017eil v roku 1971 spisovate\u013e a osvetov\u00fd pracovn\u00edk Milan H\u00fa\u017eevka (+2017) so svojimi priate\u013emi pod DK ROH v P\u00fachove. Dvadsa\u0165 rokov bola ved\u00facou a choreografkou Eva Kuku\u010dkov\u00e1 (1985-2006). V rokoch 2006-2012 bola jeho umeleckou ved\u00facou a choreografkou s\u00faboru \u017daneta Littov\u00e1. Od roku 2012 do r. 2018 viedol ako ved\u00faci a choreograf s\u00fabor Richard Benech. &hellip; Pokra\u010dova\u0165 v \u010d\u00edtan\u00ed \"Hist\u00f3ria\"","og_url":"https:\/\/fsvahpuchov.sk\/?page_id=37","og_site_name":"FS V\u00e1h P\u00fachov","article_publisher":"https:\/\/www.facebook.com\/pg\/fsvahpuchov\/","article_modified_time":"2023-03-19T00:16:00+00:00","og_image":[{"url":"http:\/\/fsvahpuchov.sk\/wp-content\/uploads\/2020\/05\/92023858_10157997584546007_7058618179328671744_n.jpg"}],"twitter_card":"summary_large_image","twitter_misc":{"Predpokladan\u00fd \u010das \u010d\u00edtania":"3 min\u00faty"},"schema":{"@context":"https:\/\/schema.org","@graph":[{"@type":"Organization","@id":"https:\/\/fsvahpuchov.sk\/#organization","name":"FS V\u00e1h P\u00fachov","url":"https:\/\/fsvahpuchov.sk\/","sameAs":["https:\/\/www.facebook.com\/pg\/fsvahpuchov\/","https:\/\/www.instagram.com\/fs_vah_puchov\/"],"logo":{"@type":"ImageObject","@id":"https:\/\/fsvahpuchov.sk\/#logo","inLanguage":"sk-SK","url":"https:\/\/fsvahpuchov.sk\/wp-content\/uploads\/2020\/04\/cropped-45596869_10156600851966007_7359537593974784000_o-1-3.jpg","contentUrl":"https:\/\/fsvahpuchov.sk\/wp-content\/uploads\/2020\/04\/cropped-45596869_10156600851966007_7359537593974784000_o-1-3.jpg","width":250,"height":250,"caption":"FS V\u00e1h P\u00fachov"},"image":{"@id":"https:\/\/fsvahpuchov.sk\/#logo"}},{"@type":"WebSite","@id":"https:\/\/fsvahpuchov.sk\/#website","url":"https:\/\/fsvahpuchov.sk\/","name":"FS V\u00e1h P\u00fachov","description":"Folkl\u00f3rny s\u00fabor V\u00e1h P\u00fachov","publisher":{"@id":"https:\/\/fsvahpuchov.sk\/#organization"},"potentialAction":[{"@type":"SearchAction","target":{"@type":"EntryPoint","urlTemplate":"https:\/\/fsvahpuchov.sk\/?s={search_term_string}"},"query-input":"required name=search_term_string"}],"inLanguage":"sk-SK"},{"@type":"ImageObject","@id":"https:\/\/fsvahpuchov.sk\/?page_id=37#primaryimage","inLanguage":"sk-SK","url":"http:\/\/fsvahpuchov.sk\/wp-content\/uploads\/2020\/05\/92023858_10157997584546007_7058618179328671744_n.jpg","contentUrl":"http:\/\/fsvahpuchov.sk\/wp-content\/uploads\/2020\/05\/92023858_10157997584546007_7058618179328671744_n.jpg"},{"@type":"WebPage","@id":"https:\/\/fsvahpuchov.sk\/?page_id=37#webpage","url":"https:\/\/fsvahpuchov.sk\/?page_id=37","name":"Hist\u00f3ria - FS V\u00e1h P\u00fachov","isPartOf":{"@id":"https:\/\/fsvahpuchov.sk\/#website"},"primaryImageOfPage":{"@id":"https:\/\/fsvahpuchov.sk\/?page_id=37#primaryimage"},"datePublished":"2020-04-07T13:27:38+00:00","dateModified":"2023-03-19T00:16:00+00:00","breadcrumb":{"@id":"https:\/\/fsvahpuchov.sk\/?page_id=37#breadcrumb"},"inLanguage":"sk-SK","potentialAction":[{"@type":"ReadAction","target":["https:\/\/fsvahpuchov.sk\/?page_id=37"]}]},{"@type":"BreadcrumbList","@id":"https:\/\/fsvahpuchov.sk\/?page_id=37#breadcrumb","itemListElement":[{"@type":"ListItem","position":1,"name":"Domovsk\u00e1 str\u00e1nka","item":"https:\/\/fsvahpuchov.sk\/"},{"@type":"ListItem","position":2,"name":"Hist\u00f3ria"}]}]}},"_links":{"self":[{"href":"https:\/\/fsvahpuchov.sk\/index.php?rest_route=\/wp\/v2\/pages\/37"}],"collection":[{"href":"https:\/\/fsvahpuchov.sk\/index.php?rest_route=\/wp\/v2\/pages"}],"about":[{"href":"https:\/\/fsvahpuchov.sk\/index.php?rest_route=\/wp\/v2\/types\/page"}],"author":[{"embeddable":true,"href":"https:\/\/fsvahpuchov.sk\/index.php?rest_route=\/wp\/v2\/users\/1"}],"replies":[{"embeddable":true,"href":"https:\/\/fsvahpuchov.sk\/index.php?rest_route=%2Fwp%2Fv2%2Fcomments&post=37"}],"version-history":[{"count":10,"href":"https:\/\/fsvahpuchov.sk\/index.php?rest_route=\/wp\/v2\/pages\/37\/revisions"}],"predecessor-version":[{"id":312,"href":"https:\/\/fsvahpuchov.sk\/index.php?rest_route=\/wp\/v2\/pages\/37\/revisions\/312"}],"wp:attachment":[{"href":"https:\/\/fsvahpuchov.sk\/index.php?rest_route=%2Fwp%2Fv2%2Fmedia&parent=37"}],"curies":[{"name":"wp","href":"https:\/\/api.w.org\/{rel}","templated":true}]}}