{"id":9,"date":"2020-04-07T14:54:11","date_gmt":"2020-04-07T12:54:11","guid":{"rendered":"https:\/\/prevadzka.eu\/fsvah\/?page_id=9"},"modified":"2023-03-19T01:13:24","modified_gmt":"2023-03-19T00:13:24","slug":"uvodna-stranka","status":"publish","type":"page","link":"https:\/\/fsvahpuchov.sk\/","title":{"rendered":""},"content":{"rendered":"\n<p class=\"has-drop-cap has-text-align-left\">FS V\u00e1h sa v posledn\u00fdch rokoch podarilo obnovi\u0165 pre javisko, prostredn\u00edctvom hudobno-tane\u010dn\u00fdch vstupov, aj nezn\u00e1my \u013eud. odev z Marikovej, \u010cerven\u00e9ho Kame\u0148a alebo Om\u0161enia.\u00a0<\/p>\n\n\n\n<p>V 2014 sa z\u00fa\u010dastnil na celo\u0161t\u00e1tnej s\u00fa\u0165a\u017enej prehliadke v Liptovskom Mikul\u00e1\u0161i a vyst\u00fapil aj na MFF V\u00fdchodn\u00e1. V 2016 osl\u00e1vil 45 rokov a pripravil celove\u010dern\u00fd program &#8220;Veselie&#8230;&#8221; (v predpremi\u00e9re, premi\u00e9re i \u0161tefanskej repr\u00edze). V 2017 sa predstavil s rekon\u0161trukciou z\u00e1rieckej party v sprievode Mladuchy na PFS Detva. V 2018 z\u00edskal na medzin\u00e1rodnom festivale v chorv\u00e1tskej Velikej Gorici ceny za celkov\u00fd umeleck\u00fd dojem a hudobn\u00e9 spracovanie. V rokoch 2019, 2021 a 2022 participoval na vydan\u00ed kalend\u00e1rov z projektu HERBARIUM POPULI VAGI (Herb\u00e1r \u013eudu V\u00e1hu), ktor\u00fd predstavuje \u013eudov\u00e9 odevy z Tren\u010dianska. V 2019 sa predstavil aj v reprezenta\u010dnom programe \u201eZ dol\u00edn Javorn\u00edkov\u201c na MFF V\u00fdchodn\u00e1 a absolvoval 3 medzin\u00e1rodn\u00e9 festivaly \u2013 vo Franc\u00fazsku (s podporou FPU), Bielorusku a \u010cR. Na prelome 2019\/2020 bol spolupracuj\u00facim subjektom pri v\u00fdstave \u013eudov\u00fdch odevov a umeleck\u00fdch fotografi\u00ed z projektu HERBARIUM POPULI VAGI na Tren\u010dianskom hrade. V pandemickom roku 2020 stihol uskuto\u010dni\u0165 vo febru\u00e1ri prehliadku s\u00faborov a skup\u00edn Tren\u010dianskeho kraja \u201eFolkl\u00f3r \u0161it\u00fd do kr\u00e1sy\u201c v Divadle P\u00fachov (v spolupr\u00e1ci s NOC, TSK, Mesto P\u00fachov). Na prelome rokov 2020\/2021 za\u010dal pr\u00edpravy na 50. v\u00fdro\u010die vzniku s\u00faboru &#8211; cel\u00fd proces brzdila svetov\u00e1 pand\u00e9mia Covid-19. V organiz\u00e1cii v\u00fdro\u010dia za\u010dal pokra\u010dova\u0165 na prelome rokov 2021\/2022. V roku 2022 zrealizoval dve v\u00fdmenn\u00e9 vyst\u00fapenia s FS Vrtek z Opavy a FS Javorn\u00edk z Brna. A v okt\u00f3bri 2022 kone\u010dne zrealizoval celove\u010dern\u00e9 v\u00fdro\u010dn\u00e9 predstavenie &#8220;Dolinami Spomienkami&#8221; k 50. v\u00fdro\u010diu zalo\u017eenia s\u00faboru (v predpremi\u00e9re, premi\u00e9re i viano\u010dnej repr\u00edze).\u00a0<br><br>V\u00e1h pravidelne vystupuje na dom\u00e1cich p\u00fachovsk\u00fdch podujatiach ako napr. P\u00fachovsk\u00fd jarmok, Folkl\u00f3rny P\u00fachov \u010di fa\u0161iangy v meste a pod..\u00a0<br>V reperto\u00e1ri s\u00faboru spracov\u00e1vame hlavne \u013eudov\u00fa kult\u00faru jedn\u00e9ho z najr\u00e1zovitej\u0161\u00edch regi\u00f3nov, s vlastn\u00fdmi \u0161pecifick\u00fdmi tancami a mel\u00f3diami, ktor\u00fdm je P\u00fachovsk\u00e1 dolina (cepov\u00fd, provjeslov\u00fd, zeman, soty\u0161polka a pod.), ale aj bl\u00edzke okolie ako Mar\u00edkov\u00e1, \u010cerven\u00fd Kame\u0148 a Kostolec. Doplnen\u00fd je tancami a hudbou aj z in\u00fdch regi\u00f3nov Slovenska (Zempl\u00edn, \u0160umiac, Such\u00e1 Hora, Myjava).\u00a0<\/p>\n\n\n\n<p>Prostredn\u00edctvom OZ Folkl\u00f3rne Srdce P\u00fachov sa zap\u00e1ja do grantov\u00fdch v\u00fdziev, dota\u010dn\u00fdch sch\u00e9m a mo\u017enosti \u010derpa\u0165 podiel zo zaplatenej dane.<\/p>\n\n\n\n<p class=\"has-drop-cap has-text-align-left\"><\/p>\n\n\n\n<p><\/p>\n\n\n\n<p class=\"has-drop-cap has-text-align-left\"><\/p>\n","protected":false},"excerpt":{"rendered":"<p>FS V\u00e1h sa v posledn\u00fdch rokoch podarilo obnovi\u0165 pre javisko, prostredn\u00edctvom hudobno-tane\u010dn\u00fdch vstupov, aj nezn\u00e1my \u013eud. odev z Marikovej, \u010cerven\u00e9ho Kame\u0148a alebo Om\u0161enia.\u00a0 V 2014 sa z\u00fa\u010dastnil na celo\u0161t\u00e1tnej s\u00fa\u0165a\u017enej prehliadke v Liptovskom Mikul\u00e1\u0161i a vyst\u00fapil aj na MFF V\u00fdchodn\u00e1. V 2016 osl\u00e1vil 45 rokov a pripravil celove\u010dern\u00fd program &#8220;Veselie&#8230;&#8221; (v predpremi\u00e9re, premi\u00e9re i \u0161tefanskej &hellip; <\/p>\n<p class=\"link-more\"><a href=\"https:\/\/fsvahpuchov.sk\/\" class=\"more-link\">Pokra\u010dova\u0165 v \u010d\u00edtan\u00ed<span class=\"screen-reader-text\"> &#8220;&#8221;<\/span><\/a><\/p>\n","protected":false},"author":1,"featured_media":0,"parent":0,"menu_order":0,"comment_status":"closed","ping_status":"closed","template":"","meta":[],"yoast_head":"<!-- This site is optimized with the Yoast SEO plugin v17.6 - https:\/\/yoast.com\/wordpress\/plugins\/seo\/ -->\n<title>- FS V\u00e1h P\u00fachov<\/title>\n<meta name=\"robots\" content=\"index, follow, max-snippet:-1, max-image-preview:large, max-video-preview:-1\" \/>\n<link rel=\"canonical\" href=\"https:\/\/fsvahpuchov.sk\/\" \/>\n<meta property=\"og:locale\" content=\"sk_SK\" \/>\n<meta property=\"og:type\" content=\"article\" \/>\n<meta property=\"og:title\" content=\"- FS V\u00e1h P\u00fachov\" \/>\n<meta property=\"og:description\" content=\"FS V\u00e1h sa v posledn\u00fdch rokoch podarilo obnovi\u0165 pre javisko, prostredn\u00edctvom hudobno-tane\u010dn\u00fdch vstupov, aj nezn\u00e1my \u013eud. odev z Marikovej, \u010cerven\u00e9ho Kame\u0148a alebo Om\u0161enia.\u00a0 V 2014 sa z\u00fa\u010dastnil na celo\u0161t\u00e1tnej s\u00fa\u0165a\u017enej prehliadke v Liptovskom Mikul\u00e1\u0161i a vyst\u00fapil aj na MFF V\u00fdchodn\u00e1. V 2016 osl\u00e1vil 45 rokov a pripravil celove\u010dern\u00fd program &#8220;Veselie&#8230;&#8221; (v predpremi\u00e9re, premi\u00e9re i \u0161tefanskej &hellip; Pokra\u010dova\u0165 v \u010d\u00edtan\u00ed &quot;&quot;\" \/>\n<meta property=\"og:url\" content=\"https:\/\/fsvahpuchov.sk\/\" \/>\n<meta property=\"og:site_name\" content=\"FS V\u00e1h P\u00fachov\" \/>\n<meta property=\"article:publisher\" content=\"https:\/\/www.facebook.com\/pg\/fsvahpuchov\/\" \/>\n<meta property=\"article:modified_time\" content=\"2023-03-19T00:13:24+00:00\" \/>\n<meta name=\"twitter:card\" content=\"summary_large_image\" \/>\n<meta name=\"twitter:label1\" content=\"Predpokladan\u00fd \u010das \u010d\u00edtania\" \/>\n\t<meta name=\"twitter:data1\" content=\"2 min\u00faty\" \/>\n<script type=\"application\/ld+json\" class=\"yoast-schema-graph\">{\"@context\":\"https:\/\/schema.org\",\"@graph\":[{\"@type\":\"Organization\",\"@id\":\"https:\/\/fsvahpuchov.sk\/#organization\",\"name\":\"FS V\\u00e1h P\\u00fachov\",\"url\":\"https:\/\/fsvahpuchov.sk\/\",\"sameAs\":[\"https:\/\/www.facebook.com\/pg\/fsvahpuchov\/\",\"https:\/\/www.instagram.com\/fs_vah_puchov\/\"],\"logo\":{\"@type\":\"ImageObject\",\"@id\":\"https:\/\/fsvahpuchov.sk\/#logo\",\"inLanguage\":\"sk-SK\",\"url\":\"https:\/\/fsvahpuchov.sk\/wp-content\/uploads\/2020\/04\/cropped-45596869_10156600851966007_7359537593974784000_o-1-3.jpg\",\"contentUrl\":\"https:\/\/fsvahpuchov.sk\/wp-content\/uploads\/2020\/04\/cropped-45596869_10156600851966007_7359537593974784000_o-1-3.jpg\",\"width\":250,\"height\":250,\"caption\":\"FS V\\u00e1h P\\u00fachov\"},\"image\":{\"@id\":\"https:\/\/fsvahpuchov.sk\/#logo\"}},{\"@type\":\"WebSite\",\"@id\":\"https:\/\/fsvahpuchov.sk\/#website\",\"url\":\"https:\/\/fsvahpuchov.sk\/\",\"name\":\"FS V\\u00e1h P\\u00fachov\",\"description\":\"Folkl\\u00f3rny s\\u00fabor V\\u00e1h P\\u00fachov\",\"publisher\":{\"@id\":\"https:\/\/fsvahpuchov.sk\/#organization\"},\"potentialAction\":[{\"@type\":\"SearchAction\",\"target\":{\"@type\":\"EntryPoint\",\"urlTemplate\":\"https:\/\/fsvahpuchov.sk\/?s={search_term_string}\"},\"query-input\":\"required name=search_term_string\"}],\"inLanguage\":\"sk-SK\"},{\"@type\":\"WebPage\",\"@id\":\"https:\/\/fsvahpuchov.sk\/#webpage\",\"url\":\"https:\/\/fsvahpuchov.sk\/\",\"name\":\"- FS V\\u00e1h P\\u00fachov\",\"isPartOf\":{\"@id\":\"https:\/\/fsvahpuchov.sk\/#website\"},\"datePublished\":\"2020-04-07T12:54:11+00:00\",\"dateModified\":\"2023-03-19T00:13:24+00:00\",\"breadcrumb\":{\"@id\":\"https:\/\/fsvahpuchov.sk\/#breadcrumb\"},\"inLanguage\":\"sk-SK\",\"potentialAction\":[{\"@type\":\"ReadAction\",\"target\":[\"https:\/\/fsvahpuchov.sk\/\"]}]},{\"@type\":\"BreadcrumbList\",\"@id\":\"https:\/\/fsvahpuchov.sk\/#breadcrumb\",\"itemListElement\":[{\"@type\":\"ListItem\",\"position\":1,\"name\":\"Domovsk\\u00e1 str\\u00e1nka\",\"item\":\"https:\/\/fsvahpuchov.sk\/\"},{\"@type\":\"ListItem\",\"position\":2,\"name\":\"\"}]}]}<\/script>\n<!-- \/ Yoast SEO plugin. -->","yoast_head_json":{"title":"- FS V\u00e1h P\u00fachov","robots":{"index":"index","follow":"follow","max-snippet":"max-snippet:-1","max-image-preview":"max-image-preview:large","max-video-preview":"max-video-preview:-1"},"canonical":"https:\/\/fsvahpuchov.sk\/","og_locale":"sk_SK","og_type":"article","og_title":"- FS V\u00e1h P\u00fachov","og_description":"FS V\u00e1h sa v posledn\u00fdch rokoch podarilo obnovi\u0165 pre javisko, prostredn\u00edctvom hudobno-tane\u010dn\u00fdch vstupov, aj nezn\u00e1my \u013eud. odev z Marikovej, \u010cerven\u00e9ho Kame\u0148a alebo Om\u0161enia.\u00a0 V 2014 sa z\u00fa\u010dastnil na celo\u0161t\u00e1tnej s\u00fa\u0165a\u017enej prehliadke v Liptovskom Mikul\u00e1\u0161i a vyst\u00fapil aj na MFF V\u00fdchodn\u00e1. V 2016 osl\u00e1vil 45 rokov a pripravil celove\u010dern\u00fd program &#8220;Veselie&#8230;&#8221; (v predpremi\u00e9re, premi\u00e9re i \u0161tefanskej &hellip; Pokra\u010dova\u0165 v \u010d\u00edtan\u00ed \"\"","og_url":"https:\/\/fsvahpuchov.sk\/","og_site_name":"FS V\u00e1h P\u00fachov","article_publisher":"https:\/\/www.facebook.com\/pg\/fsvahpuchov\/","article_modified_time":"2023-03-19T00:13:24+00:00","twitter_card":"summary_large_image","twitter_misc":{"Predpokladan\u00fd \u010das \u010d\u00edtania":"2 min\u00faty"},"schema":{"@context":"https:\/\/schema.org","@graph":[{"@type":"Organization","@id":"https:\/\/fsvahpuchov.sk\/#organization","name":"FS V\u00e1h P\u00fachov","url":"https:\/\/fsvahpuchov.sk\/","sameAs":["https:\/\/www.facebook.com\/pg\/fsvahpuchov\/","https:\/\/www.instagram.com\/fs_vah_puchov\/"],"logo":{"@type":"ImageObject","@id":"https:\/\/fsvahpuchov.sk\/#logo","inLanguage":"sk-SK","url":"https:\/\/fsvahpuchov.sk\/wp-content\/uploads\/2020\/04\/cropped-45596869_10156600851966007_7359537593974784000_o-1-3.jpg","contentUrl":"https:\/\/fsvahpuchov.sk\/wp-content\/uploads\/2020\/04\/cropped-45596869_10156600851966007_7359537593974784000_o-1-3.jpg","width":250,"height":250,"caption":"FS V\u00e1h P\u00fachov"},"image":{"@id":"https:\/\/fsvahpuchov.sk\/#logo"}},{"@type":"WebSite","@id":"https:\/\/fsvahpuchov.sk\/#website","url":"https:\/\/fsvahpuchov.sk\/","name":"FS V\u00e1h P\u00fachov","description":"Folkl\u00f3rny s\u00fabor V\u00e1h P\u00fachov","publisher":{"@id":"https:\/\/fsvahpuchov.sk\/#organization"},"potentialAction":[{"@type":"SearchAction","target":{"@type":"EntryPoint","urlTemplate":"https:\/\/fsvahpuchov.sk\/?s={search_term_string}"},"query-input":"required name=search_term_string"}],"inLanguage":"sk-SK"},{"@type":"WebPage","@id":"https:\/\/fsvahpuchov.sk\/#webpage","url":"https:\/\/fsvahpuchov.sk\/","name":"- FS V\u00e1h P\u00fachov","isPartOf":{"@id":"https:\/\/fsvahpuchov.sk\/#website"},"datePublished":"2020-04-07T12:54:11+00:00","dateModified":"2023-03-19T00:13:24+00:00","breadcrumb":{"@id":"https:\/\/fsvahpuchov.sk\/#breadcrumb"},"inLanguage":"sk-SK","potentialAction":[{"@type":"ReadAction","target":["https:\/\/fsvahpuchov.sk\/"]}]},{"@type":"BreadcrumbList","@id":"https:\/\/fsvahpuchov.sk\/#breadcrumb","itemListElement":[{"@type":"ListItem","position":1,"name":"Domovsk\u00e1 str\u00e1nka","item":"https:\/\/fsvahpuchov.sk\/"},{"@type":"ListItem","position":2,"name":""}]}]}},"_links":{"self":[{"href":"https:\/\/fsvahpuchov.sk\/index.php?rest_route=\/wp\/v2\/pages\/9"}],"collection":[{"href":"https:\/\/fsvahpuchov.sk\/index.php?rest_route=\/wp\/v2\/pages"}],"about":[{"href":"https:\/\/fsvahpuchov.sk\/index.php?rest_route=\/wp\/v2\/types\/page"}],"author":[{"embeddable":true,"href":"https:\/\/fsvahpuchov.sk\/index.php?rest_route=\/wp\/v2\/users\/1"}],"replies":[{"embeddable":true,"href":"https:\/\/fsvahpuchov.sk\/index.php?rest_route=%2Fwp%2Fv2%2Fcomments&post=9"}],"version-history":[{"count":19,"href":"https:\/\/fsvahpuchov.sk\/index.php?rest_route=\/wp\/v2\/pages\/9\/revisions"}],"predecessor-version":[{"id":310,"href":"https:\/\/fsvahpuchov.sk\/index.php?rest_route=\/wp\/v2\/pages\/9\/revisions\/310"}],"wp:attachment":[{"href":"https:\/\/fsvahpuchov.sk\/index.php?rest_route=%2Fwp%2Fv2%2Fmedia&parent=9"}],"curies":[{"name":"wp","href":"https:\/\/api.w.org\/{rel}","templated":true}]}}